{"id":280,"date":"2012-12-08T10:51:03","date_gmt":"2012-12-08T10:51:03","guid":{"rendered":"http:\/\/turmlahnstein.wordpress.com\/?page_id=280"},"modified":"2021-10-04T11:10:44","modified_gmt":"2021-10-04T11:10:44","slug":"anfahrt-freiherr-von-stein-schule","status":"publish","type":"page","link":"https:\/\/turm-lahnstein.de\/?page_id=280","title":{"rendered":"Anfahrt Johannesgymnasium"},"content":{"rendered":"<h3><\/h3>\n<h3>Die Spiele der ersten, zweiten und dritten Mannschaften werden im Johannesgymnasium ausgetragen.<\/h3>\n<p>Auch der Spielabend findet dort statt.<\/p>\n<p>Aus Richtung Koblenz:<\/p>\n<p>Abfahrt Niederlahnstein und nach 300 Meter im Kreisel 1.Ausfahrt auf Industriestra\u00dfe, weitere 400 Meter im Kreisel 1.Ausfahr auf Koblenzer Stra\u00dfe und nach 150 Meter links auf Didierstra\u00dfe. Hier ~ 1,5 Kilometer bleiben und dann rechts auf Friedrich-Ebertstra\u00dfe, nach 100 Meter links auf Schillerstra\u00dfe. Nach 100 Meter rechts ist die Stolzenfelser Stra\u00dfe. In H\u00f6he der Sportpl\u00e4tze parken und wir sind dann Parterre direkt an der Stra\u00dfe vom Schulhof leicht einsehbar.<\/p>\n<p><span style=\"text-decoration: underline;\">Adresse:<\/span> Stolzenfelser Stra\u00dfe, direkt an den Sportanlagen.<\/p>\n","protected":false},"excerpt":{"rendered":"<p>Die Spiele der ersten, zweiten und dritten Mannschaften werden im Johannesgymnasium ausgetragen. Auch der Spielabend findet dort statt. Aus Richtung Koblenz: Abfahrt Niederlahnstein und nach 300 Meter im Kreisel 1.Ausfahrt [&hellip;]<\/p>\n","protected":false},"author":2,"featured_media":0,"parent":0,"menu_order":0,"comment_status":"open","ping_status":"open","template":"","meta":{"footnotes":""},"_links":{"self":[{"href":"https:\/\/turm-lahnstein.de\/index.php?rest_route=\/wp\/v2\/pages\/280"}],"collection":[{"href":"https:\/\/turm-lahnstein.de\/index.php?rest_route=\/wp\/v2\/pages"}],"about":[{"href":"https:\/\/turm-lahnstein.de\/index.php?rest_route=\/wp\/v2\/types\/page"}],"author":[{"embeddable":true,"href":"https:\/\/turm-lahnstein.de\/index.php?rest_route=\/wp\/v2\/users\/2"}],"replies":[{"embeddable":true,"href":"https:\/\/turm-lahnstein.de\/index.php?rest_route=%2Fwp%2Fv2%2Fcomments&post=280"}],"version-history":[{"count":3,"href":"https:\/\/turm-lahnstein.de\/index.php?rest_route=\/wp\/v2\/pages\/280\/revisions"}],"predecessor-version":[{"id":5453,"href":"https:\/\/turm-lahnstein.de\/index.php?rest_route=\/wp\/v2\/pages\/280\/revisions\/5453"}],"wp:attachment":[{"href":"https:\/\/turm-lahnstein.de\/index.php?rest_route=%2Fwp%2Fv2%2Fmedia&parent=280"}],"curies":[{"name":"wp","href":"https:\/\/api.w.org\/{rel}","templated":true}]}}