{"id":263,"date":"2012-12-08T10:32:45","date_gmt":"2012-12-08T10:32:45","guid":{"rendered":"http:\/\/turmlahnstein.wordpress.com\/?page_id=263"},"modified":"2025-08-12T05:03:03","modified_gmt":"2025-08-12T05:03:03","slug":"kontakt","status":"publish","type":"page","link":"https:\/\/turm-lahnstein.de\/?page_id=263","title":{"rendered":"Kontakt"},"content":{"rendered":"<h3>Trainingszeiten und Spielabend:<\/h3>\n<p>Freitags:\u00a018:15-19:45 Jugendtraining, ab 19:30 Erwachsenenspielabend\u00a0im Johannesgymnasium unter der alten Gymnastikhalle direkt an der Stolzenfelserstrasse<\/p>\n<h3>Mail an:<\/h3>\n<ul>\n<li><a href=\"mailto:ErsterVorsitzender@turm-lahnstein.de\">Friedhelm Schneider<\/a>, 1. Vorsitzender<\/li>\n<li><a href=\"mailto:ZweiterVorsitzender@turm-lahnstein.de\">Kurt Sanner<\/a>, 2. Vorsitzender<\/li>\n<li><a href=\"mailto:Jugendleiter@turm-lahnstein.de\">Peter Ley<\/a>, Jugendleiter, Fragen zum Rhein-Lahn-Open<\/li>\n<li><a href=\"mailto:Turnierleiter@turm-lahnstein.de\">Michael Linke<\/a>, Turnierleiter<\/li>\n<li><a href=\"mailto:webmaster@turm-lahnstein.de\">Egor Dranischnikow<\/a>, Webmaster<\/li>\n<\/ul>\n<p><a href=\"https:\/\/turm-lahnstein.de\/wp-content\/uploads\/2024\/02\/beitrittserklaerung-2024.pdf\">Beitrittserkl\u00e4rung<\/a><\/p>\n<p><a href=\"https:\/\/turm-lahnstein.de\/wp-content\/uploads\/2025\/08\/satzung-beitragsordnund-und-ehrenordnung-3.pdf\">Satzung- Beitrags- und-Ehrenordnung<\/a><\/p>\n<h3>Impressum und Disclaimer:<\/h3>\n<p>Gestaltung durch <a href=\"mailto:webmaster@turm-lahnstein.de\">Egor Dranischnikow<\/a>.<\/p>\n<p><span style=\"text-decoration: underline;\">Haftungsausschluss:<\/span><br \/>\nMit dem Urteil vom 12. Mai 1998 hat das Landgericht Hamburg entschieden, dass man<br \/>\ndurch die Ausbringung eines Links die Inhalte der gelinkten Seite ggf. mit zu verantworten<br \/>\nhat. Dies kann, so das LG, nur dadurch verhindert werden, dass man sich ausdr\u00fccklich<br \/>\nvon diesen Inhalten distanziert. Ich habe auf meinen Seiten Links zu anderen Seiten im Internet<br \/>\ngelegt. F\u00fcr alle diese Links gilt: der Webmaster von <b>www.turm-lahnstein.de<\/b> erkl\u00e4rt<br \/>\nausdr\u00fccklich, dass er keinerlei Einfluss auf die Gestaltung und die Inhalte<br \/>\nder gelinkten Seiten hat. Deshalb distanziere ich mich hiermit ausdr\u00fccklich von allen<br \/>\nInhalten aller gelinkten Seiten auf meiner Homepage und mache mir diese Inhalte nicht<br \/>\nzu Eigen. Diese Erkl\u00e4rung gilt f\u00fcr alle auf meiner Homepage angezeigten Links und f\u00fcr<br \/>\nalle Inhalte der Seiten, zu denen die bei mir angemeldeten Banner und Links f\u00fchren.<\/p>\n","protected":false},"excerpt":{"rendered":"<p>Trainingszeiten und Spielabend: Freitags:\u00a018:15-19:45 Jugendtraining, ab 19:30 Erwachsenenspielabend\u00a0im Johannesgymnasium unter der alten Gymnastikhalle direkt an der Stolzenfelserstrasse Mail an: Friedhelm Schneider, 1. Vorsitzender Kurt Sanner, 2. Vorsitzender Peter Ley, Jugendleiter, [&hellip;]<\/p>\n","protected":false},"author":1,"featured_media":0,"parent":0,"menu_order":0,"comment_status":"closed","ping_status":"open","template":"","meta":{"footnotes":""},"_links":{"self":[{"href":"https:\/\/turm-lahnstein.de\/index.php?rest_route=\/wp\/v2\/pages\/263"}],"collection":[{"href":"https:\/\/turm-lahnstein.de\/index.php?rest_route=\/wp\/v2\/pages"}],"about":[{"href":"https:\/\/turm-lahnstein.de\/index.php?rest_route=\/wp\/v2\/types\/page"}],"author":[{"embeddable":true,"href":"https:\/\/turm-lahnstein.de\/index.php?rest_route=\/wp\/v2\/users\/1"}],"replies":[{"embeddable":true,"href":"https:\/\/turm-lahnstein.de\/index.php?rest_route=%2Fwp%2Fv2%2Fcomments&post=263"}],"version-history":[{"count":12,"href":"https:\/\/turm-lahnstein.de\/index.php?rest_route=\/wp\/v2\/pages\/263\/revisions"}],"predecessor-version":[{"id":6979,"href":"https:\/\/turm-lahnstein.de\/index.php?rest_route=\/wp\/v2\/pages\/263\/revisions\/6979"}],"wp:attachment":[{"href":"https:\/\/turm-lahnstein.de\/index.php?rest_route=%2Fwp%2Fv2%2Fmedia&parent=263"}],"curies":[{"name":"wp","href":"https:\/\/api.w.org\/{rel}","templated":true}]}}